{"id":6,"date":"2018-08-27T12:15:15","date_gmt":"2018-08-27T12:15:15","guid":{"rendered":"https:\/\/www.kanzlei-tatzber.at\/?page_id=6"},"modified":"2024-06-07T13:48:49","modified_gmt":"2024-06-07T12:48:49","slug":"home","status":"publish","type":"page","link":"https:\/\/www.kanzlei-tatzber.at\/","title":{"rendered":"Home"},"content":{"rendered":"\t\t<div data-elementor-type=\"wp-page\" data-elementor-id=\"6\" class=\"elementor elementor-6\">\n\t\t\t\t\t\t<section class=\"elementor-section elementor-top-section elementor-element elementor-element-11573ae elementor-section-boxed elementor-section-height-default elementor-section-height-default\" data-id=\"11573ae\" data-element_type=\"section\">\n\t\t\t\t\t\t<div class=\"elementor-container elementor-column-gap-default\">\n\t\t\t\t\t<div class=\"elementor-column elementor-col-100 elementor-top-column elementor-element elementor-element-f9ad48f\" data-id=\"f9ad48f\" data-element_type=\"column\">\n\t\t\t<div class=\"elementor-widget-wrap elementor-element-populated\">\n\t\t\t\t\t\t<div class=\"elementor-element elementor-element-17589bf elementor-hidden-tablet elementor-hidden-phone elementor-widget elementor-widget-spacer\" data-id=\"17589bf\" data-element_type=\"widget\" data-widget_type=\"spacer.default\">\n\t\t\t\t<div class=\"elementor-widget-container\">\n\t\t\t\t\t\t\t<div class=\"elementor-spacer\">\n\t\t\t<div class=\"elementor-spacer-inner\"><\/div>\n\t\t<\/div>\n\t\t\t\t\t\t<\/div>\n\t\t\t\t<\/div>\n\t\t\t\t\t<\/div>\n\t\t<\/div>\n\t\t\t\t\t<\/div>\n\t\t<\/section>\n\t\t\t\t<section class=\"elementor-section elementor-top-section elementor-element elementor-element-6d2a431 elementor-section-boxed elementor-section-height-default elementor-section-height-default\" data-id=\"6d2a431\" data-element_type=\"section\">\n\t\t\t\t\t\t<div class=\"elementor-container elementor-column-gap-default\">\n\t\t\t\t\t<div class=\"elementor-column elementor-col-100 elementor-top-column elementor-element elementor-element-a366990\" data-id=\"a366990\" data-element_type=\"column\">\n\t\t\t<div class=\"elementor-widget-wrap elementor-element-populated\">\n\t\t\t\t\t\t<div class=\"elementor-element elementor-element-8395f69 elementor-arrows-position-inside elementor-invisible elementor-widget elementor-widget-image-carousel\" data-id=\"8395f69\" data-element_type=\"widget\" data-settings=\"{&quot;slides_to_show&quot;:&quot;1&quot;,&quot;navigation&quot;:&quot;arrows&quot;,&quot;_animation&quot;:&quot;fadeIn&quot;,&quot;autoplay&quot;:&quot;yes&quot;,&quot;pause_on_hover&quot;:&quot;yes&quot;,&quot;pause_on_interaction&quot;:&quot;yes&quot;,&quot;autoplay_speed&quot;:5000,&quot;infinite&quot;:&quot;yes&quot;,&quot;effect&quot;:&quot;slide&quot;,&quot;speed&quot;:500}\" data-widget_type=\"image-carousel.default\">\n\t\t\t\t<div class=\"elementor-widget-container\">\n\t\t\t\t\t\t\t<div class=\"elementor-image-carousel-wrapper swiper\" role=\"region\" aria-roledescription=\"carousel\" aria-label=\"Bild Karussell\" dir=\"ltr\">\n\t\t\t<div class=\"elementor-image-carousel swiper-wrapper\" aria-live=\"off\">\n\t\t\t\t\t\t\t\t<div class=\"swiper-slide\" role=\"group\" aria-roledescription=\"slide\" aria-label=\"1 von 4\"><figure class=\"swiper-slide-inner\"><img decoding=\"async\" class=\"swiper-slide-image\" src=\"https:\/\/www.kanzlei-tatzber.at\/wp-content\/uploads\/2020\/08\/K1_Tatzber.jpg\" alt=\"Unser Anspruch: Mit dem Besten rechnen.\" \/><figcaption class=\"elementor-image-carousel-caption\">Unser Anspruch: Mit dem Besten rechnen.<\/figcaption><\/figure><\/div><div class=\"swiper-slide\" role=\"group\" aria-roledescription=\"slide\" aria-label=\"2 von 4\"><figure class=\"swiper-slide-inner\"><img decoding=\"async\" class=\"swiper-slide-image\" src=\"https:\/\/www.kanzlei-tatzber.at\/wp-content\/uploads\/2020\/08\/K2_Tatzber.jpg\" alt=\"Ihre Sicherheit: Wir sind an Ihrer Seite.\" \/><figcaption class=\"elementor-image-carousel-caption\">Ihre Sicherheit: Wir sind an Ihrer Seite.<\/figcaption><\/figure><\/div><div class=\"swiper-slide\" role=\"group\" aria-roledescription=\"slide\" aria-label=\"3 von 4\"><figure class=\"swiper-slide-inner\"><img decoding=\"async\" class=\"swiper-slide-image\" src=\"https:\/\/www.kanzlei-tatzber.at\/wp-content\/uploads\/2020\/08\/K3_Tatzber.jpg\" alt=\"Unser Service: Wir leben Klientenbeziehungen.\" \/><figcaption class=\"elementor-image-carousel-caption\">Unser Service: Wir leben Klientenbeziehungen.<\/figcaption><\/figure><\/div><div class=\"swiper-slide\" role=\"group\" aria-roledescription=\"slide\" aria-label=\"4 von 4\"><figure class=\"swiper-slide-inner\"><img decoding=\"async\" class=\"swiper-slide-image\" src=\"https:\/\/www.kanzlei-tatzber.at\/wp-content\/uploads\/2020\/08\/K4_Tatzber.jpg\" alt=\"Ihre Garantie: Wir halten Ihnen den R\u00fccken frei.\" \/><figcaption class=\"elementor-image-carousel-caption\">Ihre Garantie: Wir halten Ihnen den R\u00fccken frei.<\/figcaption><\/figure><\/div>\t\t\t<\/div>\n\t\t\t\t\t\t\t\t\t\t\t\t<div class=\"elementor-swiper-button elementor-swiper-button-prev\" role=\"button\" tabindex=\"0\">\n\t\t\t\t\t\t<i aria-hidden=\"true\" class=\"eicon-chevron-left\"><\/i>\t\t\t\t\t<\/div>\n\t\t\t\t\t<div class=\"elementor-swiper-button elementor-swiper-button-next\" role=\"button\" tabindex=\"0\">\n\t\t\t\t\t\t<i aria-hidden=\"true\" class=\"eicon-chevron-right\"><\/i>\t\t\t\t\t<\/div>\n\t\t\t\t\n\t\t\t\t\t\t\t\t\t<\/div>\n\t\t\t\t\t\t<\/div>\n\t\t\t\t<\/div>\n\t\t\t\t\t<\/div>\n\t\t<\/div>\n\t\t\t\t\t<\/div>\n\t\t<\/section>\n\t\t\t\t<section class=\"elementor-section elementor-top-section elementor-element elementor-element-67946b5 elementor-section-boxed elementor-section-height-default elementor-section-height-default\" data-id=\"67946b5\" data-element_type=\"section\">\n\t\t\t\t\t\t<div class=\"elementor-container elementor-column-gap-default\">\n\t\t\t\t\t<div class=\"elementor-column elementor-col-100 elementor-top-column elementor-element elementor-element-ffaa3cb\" data-id=\"ffaa3cb\" data-element_type=\"column\">\n\t\t\t<div class=\"elementor-widget-wrap elementor-element-populated\">\n\t\t\t\t\t\t<div class=\"elementor-element elementor-element-fc43dda elementor-widget elementor-widget-text-editor\" data-id=\"fc43dda\" data-element_type=\"widget\" data-widget_type=\"text-editor.default\">\n\t\t\t\t<div class=\"elementor-widget-container\">\n\t\t\t\t\t\t\t\t\t<p>Mit der Er\u00f6ffnung meiner Kanzlei Tatzber im Juni 2015 habe ich es mir zum Ziel gesetzt, meine Klienten auch\u00a0als Mensch und nicht nur als \u201eFall\u201c wahrzunehmen.<\/p><p><span style=\"font-size: 15px;\">Ich wei\u00df es zu sch\u00e4tzen, wenn Sie mir Ihr Vertrauen schenken. Denn Unternehmensziffern sind h\u00f6chst sensible Daten, die nur Personen zu Gesicht bekommen sollten, die Ihr uneingeschr\u00e4nktes Vertrauen genie\u00dfen. Deshalb lege ich h\u00f6chsten Wert auf Vertraulichkeit, Integrit\u00e4t und ein pers\u00f6nliches Kennenlerngespr\u00e4ch.<\/span><\/p><p><span style=\"font-size: 15px;\">Nach 10 Jahren im Banken- und Konzernwesen und den damit st\u00e4ndig verbundenen Umstrukturierungen habe ich mich entschlossen, einen eigenen Weg einzuschlagen. Als gut ausgebildeter Jurist inkl. einem Master in Wirtschaftswissenschaft bin ich f\u00fcr alle Aufgaben bestens ger\u00fcstet. Durch meine juristische und wirtschaftliche Ausbildung kann ich Ihnen auch in Versicherungsangelegenheiten eine fachkompetente Beratung bieten.<\/span><\/p><p><span style=\"font-size: 15px;\">Verschaffen Sie sich auf meiner Homepage einen ersten Eindruck \u00fcber mich und meine T\u00e4tigkeitsbereiche und z\u00f6gern Sie nicht, per Telefon oder per Mail einen Termin mit mir zu vereinbaren. Ich freue mich auf Sie.<\/span><\/p><p><span style=\"font-size: 15px;\">Dr. Michael Tatzber MBA<br \/><\/span><span style=\"font-size: 15px;\">Ihr Steuerberater in Wien<\/span><\/p>\t\t\t\t\t\t\t\t<\/div>\n\t\t\t\t<\/div>\n\t\t\t\t\t<\/div>\n\t\t<\/div>\n\t\t\t\t\t<\/div>\n\t\t<\/section>\n\t\t\t\t<\/div>\n\t\t","protected":false},"excerpt":{"rendered":"<p>Unser Anspruch: Mit dem Besten rechnen. Ihre Sicherheit: Wir sind an Ihrer Seite. Unser Service: Wir leben Klientenbeziehungen. Ihre Garantie: Wir halten Ihnen den R\u00fccken frei. Zur\u00fcck Weiter Mit der Er\u00f6ffnung meiner Kanzlei Tatzber im Juni 2015 habe ich es mir zum Ziel gesetzt, meine Klienten auch\u00a0als Mensch und nicht nur als \u201eFall\u201c wahrzunehmen. Ich &hellip;<\/p>\n<p class=\"read-more\"> <a class=\"\" href=\"https:\/\/www.kanzlei-tatzber.at\/\"> <span class=\"screen-reader-text\">Home<\/span> Mehr lesen \u00bb<\/a><\/p>\n","protected":false},"author":1,"featured_media":0,"parent":0,"menu_order":0,"comment_status":"closed","ping_status":"closed","template":"","meta":{"footnotes":""},"class_list":["post-6","page","type-page","status-publish","hentry"],"_links":{"self":[{"href":"https:\/\/www.kanzlei-tatzber.at\/index.php?rest_route=\/wp\/v2\/pages\/6","targetHints":{"allow":["GET"]}}],"collection":[{"href":"https:\/\/www.kanzlei-tatzber.at\/index.php?rest_route=\/wp\/v2\/pages"}],"about":[{"href":"https:\/\/www.kanzlei-tatzber.at\/index.php?rest_route=\/wp\/v2\/types\/page"}],"author":[{"embeddable":true,"href":"https:\/\/www.kanzlei-tatzber.at\/index.php?rest_route=\/wp\/v2\/users\/1"}],"replies":[{"embeddable":true,"href":"https:\/\/www.kanzlei-tatzber.at\/index.php?rest_route=%2Fwp%2Fv2%2Fcomments&post=6"}],"version-history":[{"count":61,"href":"https:\/\/www.kanzlei-tatzber.at\/index.php?rest_route=\/wp\/v2\/pages\/6\/revisions"}],"predecessor-version":[{"id":952,"href":"https:\/\/www.kanzlei-tatzber.at\/index.php?rest_route=\/wp\/v2\/pages\/6\/revisions\/952"}],"wp:attachment":[{"href":"https:\/\/www.kanzlei-tatzber.at\/index.php?rest_route=%2Fwp%2Fv2%2Fmedia&parent=6"}],"curies":[{"name":"wp","href":"https:\/\/api.w.org\/{rel}","templated":true}]}}