{"id":419,"date":"2020-08-25T22:21:17","date_gmt":"2020-08-25T21:21:17","guid":{"rendered":"https:\/\/www.kanzlei-tatzber.at\/?page_id=419"},"modified":"2020-08-30T21:55:29","modified_gmt":"2020-08-30T20:55:29","slug":"unternehmensgruendung","status":"publish","type":"page","link":"https:\/\/www.kanzlei-tatzber.at\/?page_id=419","title":{"rendered":"Unternehmensgr\u00fcndung"},"content":{"rendered":"\t\t<div data-elementor-type=\"wp-page\" data-elementor-id=\"419\" class=\"elementor elementor-419\">\n\t\t\t\t\t\t<section class=\"elementor-section elementor-top-section elementor-element elementor-element-afd71d5 elementor-section-boxed elementor-section-height-default elementor-section-height-default\" data-id=\"afd71d5\" data-element_type=\"section\">\n\t\t\t\t\t\t<div class=\"elementor-container elementor-column-gap-default\">\n\t\t\t\t\t<div class=\"elementor-column elementor-col-100 elementor-top-column elementor-element elementor-element-3e313f2\" data-id=\"3e313f2\" data-element_type=\"column\">\n\t\t\t<div class=\"elementor-widget-wrap elementor-element-populated\">\n\t\t\t\t\t\t<div class=\"elementor-element elementor-element-0f5a033 elementor-hidden-tablet elementor-hidden-phone elementor-widget elementor-widget-spacer\" data-id=\"0f5a033\" data-element_type=\"widget\" data-widget_type=\"spacer.default\">\n\t\t\t\t<div class=\"elementor-widget-container\">\n\t\t\t\t\t\t\t<div class=\"elementor-spacer\">\n\t\t\t<div class=\"elementor-spacer-inner\"><\/div>\n\t\t<\/div>\n\t\t\t\t\t\t<\/div>\n\t\t\t\t<\/div>\n\t\t\t\t\t<\/div>\n\t\t<\/div>\n\t\t\t\t\t<\/div>\n\t\t<\/section>\n\t\t\t\t<section class=\"elementor-section elementor-top-section elementor-element elementor-element-7fb64e5 elementor-section-boxed elementor-section-height-default elementor-section-height-default\" data-id=\"7fb64e5\" data-element_type=\"section\">\n\t\t\t\t\t\t<div class=\"elementor-container elementor-column-gap-default\">\n\t\t\t\t\t<div class=\"elementor-column elementor-col-100 elementor-top-column elementor-element elementor-element-fce88e3\" data-id=\"fce88e3\" data-element_type=\"column\">\n\t\t\t<div class=\"elementor-widget-wrap elementor-element-populated\">\n\t\t\t\t\t\t<div class=\"elementor-element elementor-element-015b550 elementor-widget elementor-widget-image\" data-id=\"015b550\" data-element_type=\"widget\" data-widget_type=\"image.default\">\n\t\t\t\t<div class=\"elementor-widget-container\">\n\t\t\t\t\t\t\t\t\t\t\t\t\t\t\t<img fetchpriority=\"high\" decoding=\"async\" width=\"1920\" height=\"700\" src=\"https:\/\/www.kanzlei-tatzber.at\/wp-content\/uploads\/2020\/08\/unternehmen.jpg\" class=\"attachment-full size-full wp-image-540\" alt=\"Unternehmensgr\u00fcndung\" srcset=\"https:\/\/www.kanzlei-tatzber.at\/wp-content\/uploads\/2020\/08\/unternehmen.jpg 1920w, https:\/\/www.kanzlei-tatzber.at\/wp-content\/uploads\/2020\/08\/unternehmen-300x109.jpg 300w, https:\/\/www.kanzlei-tatzber.at\/wp-content\/uploads\/2020\/08\/unternehmen-1024x373.jpg 1024w, https:\/\/www.kanzlei-tatzber.at\/wp-content\/uploads\/2020\/08\/unternehmen-768x280.jpg 768w, https:\/\/www.kanzlei-tatzber.at\/wp-content\/uploads\/2020\/08\/unternehmen-1536x560.jpg 1536w\" sizes=\"(max-width: 1920px) 100vw, 1920px\" \/>\t\t\t\t\t\t\t\t\t\t\t\t\t\t\t<\/div>\n\t\t\t\t<\/div>\n\t\t\t\t\t<\/div>\n\t\t<\/div>\n\t\t\t\t\t<\/div>\n\t\t<\/section>\n\t\t\t\t<section class=\"elementor-section elementor-top-section elementor-element elementor-element-4d82433 elementor-section-boxed elementor-section-height-default elementor-section-height-default\" data-id=\"4d82433\" data-element_type=\"section\">\n\t\t\t\t\t\t<div class=\"elementor-container elementor-column-gap-default\">\n\t\t\t\t\t<div class=\"elementor-column elementor-col-100 elementor-top-column elementor-element elementor-element-1095f1be\" data-id=\"1095f1be\" data-element_type=\"column\">\n\t\t\t<div class=\"elementor-widget-wrap elementor-element-populated\">\n\t\t\t\t\t\t<div class=\"elementor-element elementor-element-23ee054d elementor-widget elementor-widget-heading\" data-id=\"23ee054d\" data-element_type=\"widget\" data-widget_type=\"heading.default\">\n\t\t\t\t<div class=\"elementor-widget-container\">\n\t\t\t\t\t<h3 class=\"elementor-heading-title elementor-size-medium\">Lassen Sie uns etwas unternehmen<\/h3>\t\t\t\t<\/div>\n\t\t\t\t<\/div>\n\t\t\t\t<div class=\"elementor-element elementor-element-1d649beb elementor-widget elementor-widget-text-editor\" data-id=\"1d649beb\" data-element_type=\"widget\" data-widget_type=\"text-editor.default\">\n\t\t\t\t<div class=\"elementor-widget-container\">\n\t\t\t\t\t\t\t\t\t<div class=\"dt-fancy-separator title-left h4-size style-disabled title-color\"><div class=\"dt-fancy-title\"><p>Unternehmer werden, ein Start-Up gr\u00fcnden \u2013 eine hervorragende Chance f\u00fcr Menschen, die gestalten wollen und bereit sind, sich \u00fcberdurchschnittlich einzusetzen, die Freude daran haben, Herausforderungen zu meistern, und ihre Existenz gerne eigenverantwortlich aufbauen.<\/p><p>Steuerberater Unternehmensgr\u00fcndung: Damit Sie Ihre Unternehmensgr\u00fcndung umsetzen k\u00f6nnen und nicht v\u00f6llig allein s\u00e4mtliche Entscheidungsgrundlagen treffen, nicht s\u00e4mtliche Beh\u00f6rdenkommunikation selbst f\u00fchren und sich nicht mit den verschiedensten steuer-, sozialversicherungs-, und gewerberechtlichen Vorschriften auseinandersetzen m\u00fcssen, stehen wir Ihnen mit unserem umfangreichen Fachwissen und langj\u00e4hriger Erfahrung zur Verf\u00fcgung.<\/p><p>Wir schaffen Ihnen den Freiraum f\u00fcr Ihre unternehmerischen Aktivit\u00e4ten!<\/p><\/div><\/div>\t\t\t\t\t\t\t\t<\/div>\n\t\t\t\t<\/div>\n\t\t\t\t\t<\/div>\n\t\t<\/div>\n\t\t\t\t\t<\/div>\n\t\t<\/section>\n\t\t\t\t<\/div>\n\t\t","protected":false},"excerpt":{"rendered":"<p>Lassen Sie uns etwas unternehmen Unternehmer werden, ein Start-Up gr\u00fcnden \u2013 eine hervorragende Chance f\u00fcr Menschen, die gestalten wollen und bereit sind, sich \u00fcberdurchschnittlich einzusetzen, die Freude daran haben, Herausforderungen zu meistern, und ihre Existenz gerne eigenverantwortlich aufbauen. Steuerberater Unternehmensgr\u00fcndung: Damit Sie Ihre Unternehmensgr\u00fcndung umsetzen k\u00f6nnen und nicht v\u00f6llig allein s\u00e4mtliche Entscheidungsgrundlagen treffen, nicht s\u00e4mtliche &hellip;<\/p>\n<p class=\"read-more\"> <a class=\"\" href=\"https:\/\/www.kanzlei-tatzber.at\/?page_id=419\"> <span class=\"screen-reader-text\">Unternehmensgr\u00fcndung<\/span> Mehr lesen \u00bb<\/a><\/p>\n","protected":false},"author":1,"featured_media":0,"parent":0,"menu_order":0,"comment_status":"closed","ping_status":"closed","template":"","meta":{"footnotes":""},"class_list":["post-419","page","type-page","status-publish","hentry"],"_links":{"self":[{"href":"https:\/\/www.kanzlei-tatzber.at\/index.php?rest_route=\/wp\/v2\/pages\/419","targetHints":{"allow":["GET"]}}],"collection":[{"href":"https:\/\/www.kanzlei-tatzber.at\/index.php?rest_route=\/wp\/v2\/pages"}],"about":[{"href":"https:\/\/www.kanzlei-tatzber.at\/index.php?rest_route=\/wp\/v2\/types\/page"}],"author":[{"embeddable":true,"href":"https:\/\/www.kanzlei-tatzber.at\/index.php?rest_route=\/wp\/v2\/users\/1"}],"replies":[{"embeddable":true,"href":"https:\/\/www.kanzlei-tatzber.at\/index.php?rest_route=%2Fwp%2Fv2%2Fcomments&post=419"}],"version-history":[{"count":9,"href":"https:\/\/www.kanzlei-tatzber.at\/index.php?rest_route=\/wp\/v2\/pages\/419\/revisions"}],"predecessor-version":[{"id":689,"href":"https:\/\/www.kanzlei-tatzber.at\/index.php?rest_route=\/wp\/v2\/pages\/419\/revisions\/689"}],"wp:attachment":[{"href":"https:\/\/www.kanzlei-tatzber.at\/index.php?rest_route=%2Fwp%2Fv2%2Fmedia&parent=419"}],"curies":[{"name":"wp","href":"https:\/\/api.w.org\/{rel}","templated":true}]}}