{"id":412,"date":"2020-08-25T22:16:55","date_gmt":"2020-08-25T21:16:55","guid":{"rendered":"https:\/\/www.kanzlei-tatzber.at\/?page_id=412"},"modified":"2020-08-30T21:22:26","modified_gmt":"2020-08-30T20:22:26","slug":"gastronomie","status":"publish","type":"page","link":"https:\/\/www.kanzlei-tatzber.at\/?page_id=412","title":{"rendered":"Gastronomie"},"content":{"rendered":"\t\t<div data-elementor-type=\"wp-page\" data-elementor-id=\"412\" class=\"elementor elementor-412\">\n\t\t\t\t\t\t<section class=\"elementor-section elementor-top-section elementor-element elementor-element-f6e2a16 elementor-section-boxed elementor-section-height-default elementor-section-height-default\" data-id=\"f6e2a16\" data-element_type=\"section\">\n\t\t\t\t\t\t<div class=\"elementor-container elementor-column-gap-default\">\n\t\t\t\t\t<div class=\"elementor-column elementor-col-100 elementor-top-column elementor-element elementor-element-42b6203\" data-id=\"42b6203\" data-element_type=\"column\">\n\t\t\t<div class=\"elementor-widget-wrap elementor-element-populated\">\n\t\t\t\t\t\t<div class=\"elementor-element elementor-element-6ccd25b elementor-hidden-tablet elementor-hidden-phone elementor-widget elementor-widget-spacer\" data-id=\"6ccd25b\" data-element_type=\"widget\" data-widget_type=\"spacer.default\">\n\t\t\t\t<div class=\"elementor-widget-container\">\n\t\t\t\t\t\t\t<div class=\"elementor-spacer\">\n\t\t\t<div class=\"elementor-spacer-inner\"><\/div>\n\t\t<\/div>\n\t\t\t\t\t\t<\/div>\n\t\t\t\t<\/div>\n\t\t\t\t\t<\/div>\n\t\t<\/div>\n\t\t\t\t\t<\/div>\n\t\t<\/section>\n\t\t\t\t<section class=\"elementor-section elementor-top-section elementor-element elementor-element-50c1f52 elementor-section-height-min-height elementor-section-boxed elementor-section-height-default elementor-section-items-middle\" data-id=\"50c1f52\" data-element_type=\"section\">\n\t\t\t\t\t\t<div class=\"elementor-container elementor-column-gap-default\">\n\t\t\t\t\t<div class=\"elementor-column elementor-col-100 elementor-top-column elementor-element elementor-element-43a898f\" data-id=\"43a898f\" data-element_type=\"column\">\n\t\t\t<div class=\"elementor-widget-wrap elementor-element-populated\">\n\t\t\t\t\t\t<div class=\"elementor-element elementor-element-50f8808 elementor-widget elementor-widget-image\" data-id=\"50f8808\" data-element_type=\"widget\" data-widget_type=\"image.default\">\n\t\t\t\t<div class=\"elementor-widget-container\">\n\t\t\t\t\t\t\t\t\t\t\t\t\t\t\t<img fetchpriority=\"high\" decoding=\"async\" width=\"1920\" height=\"700\" src=\"https:\/\/www.kanzlei-tatzber.at\/wp-content\/uploads\/2020\/08\/gastro.jpg\" class=\"attachment-full size-full wp-image-506\" alt=\"Gastronomie\" srcset=\"https:\/\/www.kanzlei-tatzber.at\/wp-content\/uploads\/2020\/08\/gastro.jpg 1920w, https:\/\/www.kanzlei-tatzber.at\/wp-content\/uploads\/2020\/08\/gastro-300x109.jpg 300w, https:\/\/www.kanzlei-tatzber.at\/wp-content\/uploads\/2020\/08\/gastro-1024x373.jpg 1024w, https:\/\/www.kanzlei-tatzber.at\/wp-content\/uploads\/2020\/08\/gastro-768x280.jpg 768w, https:\/\/www.kanzlei-tatzber.at\/wp-content\/uploads\/2020\/08\/gastro-1536x560.jpg 1536w\" sizes=\"(max-width: 1920px) 100vw, 1920px\" \/>\t\t\t\t\t\t\t\t\t\t\t\t\t\t\t<\/div>\n\t\t\t\t<\/div>\n\t\t\t\t\t<\/div>\n\t\t<\/div>\n\t\t\t\t\t<\/div>\n\t\t<\/section>\n\t\t\t\t<section class=\"elementor-section elementor-top-section elementor-element elementor-element-a9d3a7c elementor-section-boxed elementor-section-height-default elementor-section-height-default\" data-id=\"a9d3a7c\" data-element_type=\"section\">\n\t\t\t\t\t\t<div class=\"elementor-container elementor-column-gap-default\">\n\t\t\t\t\t<div class=\"elementor-column elementor-col-100 elementor-top-column elementor-element elementor-element-7dc52dcd\" data-id=\"7dc52dcd\" data-element_type=\"column\">\n\t\t\t<div class=\"elementor-widget-wrap elementor-element-populated\">\n\t\t\t\t\t\t<div class=\"elementor-element elementor-element-ba2a8dd elementor-widget elementor-widget-heading\" data-id=\"ba2a8dd\" data-element_type=\"widget\" data-widget_type=\"heading.default\">\n\t\t\t\t<div class=\"elementor-widget-container\">\n\t\t\t\t\t<h3 class=\"elementor-heading-title elementor-size-medium\">Kommen Sie auf den Geschmack<\/h3>\t\t\t\t<\/div>\n\t\t\t\t<\/div>\n\t\t\t\t<div class=\"elementor-element elementor-element-11c4d842 elementor-widget elementor-widget-text-editor\" data-id=\"11c4d842\" data-element_type=\"widget\" data-widget_type=\"text-editor.default\">\n\t\t\t\t<div class=\"elementor-widget-container\">\n\t\t\t\t\t\t\t\t\t<div class=\"dt-fancy-separator title-left h4-size style-disabled title-color\"><div class=\"dt-fancy-title\"><div class=\"wpb_text_column wpb_content_element  \"><div class=\"wpb_wrapper\"><p>Ihr Steuerberater in Wien f\u00fcr die Gastronomie: Gesetzgebung und Wirtschaft befinden sich laufend im Wandel und stellen an Unternehmer im Tourismus st\u00e4ndig neue Anforderungen. Unsere Kanzlei beobachtet stets alle Neuerungen f\u00fcr die Gastronomie, um Ihnen Kosten zu ersparen und den optimalen Weg durch die Steuergesetze zu weisen. Als Ihr Steuerberater haben wir Ihr gesamtes Unternehmen im Blick und wissen, an welchen Schrauben man drehen muss. Fingerspitzengef\u00fchl und unternehmerisches Denken stehen bei uns an erster Stelle.<\/p><p>Die Lohnverrechnung ist f\u00fcr jeden Unternehmer die gr\u00f6\u00dfte Herausforderung in diesem Gewerbe, da sie in der Regel den gr\u00f6\u00dften Kostenfaktor darstellt. Mein Team und ich sind spezialisiert auf die laufende Beratung und Betreuung in s\u00e4mtlichen Angelegenheiten im Zusammenhang mit dieser Materie. Unsere Klienten profitieren von meinem branchenspezifischen Fachwissen und meiner langj\u00e4hrigen Erfahrung.<\/p><p>Eine Auslagerung Ihrer Lohnverrechnung an unsere Kanzlei bringt f\u00fcr Sie viele Vorteile:<\/p><\/div><\/div><div class=\"standard-arrow\"><ul><li>Ausn\u00fctzung der Steuersparm\u00f6glichkeiten<\/li><li>\u00dcbernahme von Beh\u00f6rdenkontakten<\/li><li>Wir sind f\u00fcr Sie durch st\u00e4ndige Weiterbildung immer \u201eup to date\u201c<\/li><li>Wir verhelfen Ihnen\u00a0durch maximale Entlastung zu Ihrem n\u00f6tigen Freiraum<\/li><li>Keine Anschaffung und Wartung teurer Software<\/li><li>Verl\u00e4sslicher Ansprechpartner<\/li><\/ul><\/div><div class=\"wpb_text_column wpb_content_element  \"><div class=\"wpb_wrapper\"><p>Steuerberatung Wien Gastronomie: Wenden Sie sich jetzt mit Ihren Fragen rund um das Thema Steuerberatung f\u00fcr Hotel und Gastronomie an die Besten.<\/p><\/div><\/div><\/div><\/div>\t\t\t\t\t\t\t\t<\/div>\n\t\t\t\t<\/div>\n\t\t\t\t\t<\/div>\n\t\t<\/div>\n\t\t\t\t\t<\/div>\n\t\t<\/section>\n\t\t\t\t<\/div>\n\t\t","protected":false},"excerpt":{"rendered":"<p>Kommen Sie auf den Geschmack Ihr Steuerberater in Wien f\u00fcr die Gastronomie: Gesetzgebung und Wirtschaft befinden sich laufend im Wandel und stellen an Unternehmer im Tourismus st\u00e4ndig neue Anforderungen. Unsere Kanzlei beobachtet stets alle Neuerungen f\u00fcr die Gastronomie, um Ihnen Kosten zu ersparen und den optimalen Weg durch die Steuergesetze zu weisen. Als Ihr Steuerberater &hellip;<\/p>\n<p class=\"read-more\"> <a class=\"\" href=\"https:\/\/www.kanzlei-tatzber.at\/?page_id=412\"> <span class=\"screen-reader-text\">Gastronomie<\/span> Mehr lesen \u00bb<\/a><\/p>\n","protected":false},"author":1,"featured_media":0,"parent":0,"menu_order":0,"comment_status":"closed","ping_status":"closed","template":"","meta":{"footnotes":""},"class_list":["post-412","page","type-page","status-publish","hentry"],"_links":{"self":[{"href":"https:\/\/www.kanzlei-tatzber.at\/index.php?rest_route=\/wp\/v2\/pages\/412","targetHints":{"allow":["GET"]}}],"collection":[{"href":"https:\/\/www.kanzlei-tatzber.at\/index.php?rest_route=\/wp\/v2\/pages"}],"about":[{"href":"https:\/\/www.kanzlei-tatzber.at\/index.php?rest_route=\/wp\/v2\/types\/page"}],"author":[{"embeddable":true,"href":"https:\/\/www.kanzlei-tatzber.at\/index.php?rest_route=\/wp\/v2\/users\/1"}],"replies":[{"embeddable":true,"href":"https:\/\/www.kanzlei-tatzber.at\/index.php?rest_route=%2Fwp%2Fv2%2Fcomments&post=412"}],"version-history":[{"count":10,"href":"https:\/\/www.kanzlei-tatzber.at\/index.php?rest_route=\/wp\/v2\/pages\/412\/revisions"}],"predecessor-version":[{"id":648,"href":"https:\/\/www.kanzlei-tatzber.at\/index.php?rest_route=\/wp\/v2\/pages\/412\/revisions\/648"}],"wp:attachment":[{"href":"https:\/\/www.kanzlei-tatzber.at\/index.php?rest_route=%2Fwp%2Fv2%2Fmedia&parent=412"}],"curies":[{"name":"wp","href":"https:\/\/api.w.org\/{rel}","templated":true}]}}