{"id":383,"date":"2020-08-25T21:46:15","date_gmt":"2020-08-25T20:46:15","guid":{"rendered":"https:\/\/www.kanzlei-tatzber.at\/?page_id=383"},"modified":"2020-08-30T21:54:46","modified_gmt":"2020-08-30T20:54:46","slug":"svs-beratung","status":"publish","type":"page","link":"https:\/\/www.kanzlei-tatzber.at\/?page_id=383","title":{"rendered":"SVS-Beratung"},"content":{"rendered":"\t\t<div data-elementor-type=\"wp-page\" data-elementor-id=\"383\" class=\"elementor elementor-383\">\n\t\t\t\t\t\t<section class=\"elementor-section elementor-top-section elementor-element elementor-element-110e066 elementor-section-boxed elementor-section-height-default elementor-section-height-default\" data-id=\"110e066\" data-element_type=\"section\">\n\t\t\t\t\t\t<div class=\"elementor-container elementor-column-gap-default\">\n\t\t\t\t\t<div class=\"elementor-column elementor-col-100 elementor-top-column elementor-element elementor-element-e14c698\" data-id=\"e14c698\" data-element_type=\"column\">\n\t\t\t<div class=\"elementor-widget-wrap elementor-element-populated\">\n\t\t\t\t\t\t<div class=\"elementor-element elementor-element-f0a8240 elementor-hidden-tablet elementor-hidden-phone elementor-widget elementor-widget-spacer\" data-id=\"f0a8240\" data-element_type=\"widget\" data-widget_type=\"spacer.default\">\n\t\t\t\t<div class=\"elementor-widget-container\">\n\t\t\t\t\t\t\t<div class=\"elementor-spacer\">\n\t\t\t<div class=\"elementor-spacer-inner\"><\/div>\n\t\t<\/div>\n\t\t\t\t\t\t<\/div>\n\t\t\t\t<\/div>\n\t\t\t\t\t<\/div>\n\t\t<\/div>\n\t\t\t\t\t<\/div>\n\t\t<\/section>\n\t\t\t\t<section class=\"elementor-section elementor-top-section elementor-element elementor-element-9a69c6d elementor-section-boxed elementor-section-height-default elementor-section-height-default\" data-id=\"9a69c6d\" data-element_type=\"section\">\n\t\t\t\t\t\t<div class=\"elementor-container elementor-column-gap-default\">\n\t\t\t\t\t<div class=\"elementor-column elementor-col-100 elementor-top-column elementor-element elementor-element-a72bb24\" data-id=\"a72bb24\" data-element_type=\"column\">\n\t\t\t<div class=\"elementor-widget-wrap elementor-element-populated\">\n\t\t\t\t\t\t<div class=\"elementor-element elementor-element-26dcd03 elementor-widget elementor-widget-image\" data-id=\"26dcd03\" data-element_type=\"widget\" data-widget_type=\"image.default\">\n\t\t\t\t<div class=\"elementor-widget-container\">\n\t\t\t\t\t\t\t\t\t\t\t\t\t\t\t<img fetchpriority=\"high\" decoding=\"async\" width=\"1920\" height=\"700\" src=\"https:\/\/www.kanzlei-tatzber.at\/wp-content\/uploads\/2020\/08\/svs_beratung.jpg\" class=\"attachment-full size-full wp-image-573\" alt=\"SVS Beratung\" srcset=\"https:\/\/www.kanzlei-tatzber.at\/wp-content\/uploads\/2020\/08\/svs_beratung.jpg 1920w, https:\/\/www.kanzlei-tatzber.at\/wp-content\/uploads\/2020\/08\/svs_beratung-300x109.jpg 300w, https:\/\/www.kanzlei-tatzber.at\/wp-content\/uploads\/2020\/08\/svs_beratung-1024x373.jpg 1024w, https:\/\/www.kanzlei-tatzber.at\/wp-content\/uploads\/2020\/08\/svs_beratung-768x280.jpg 768w, https:\/\/www.kanzlei-tatzber.at\/wp-content\/uploads\/2020\/08\/svs_beratung-1536x560.jpg 1536w\" sizes=\"(max-width: 1920px) 100vw, 1920px\" \/>\t\t\t\t\t\t\t\t\t\t\t\t\t\t\t<\/div>\n\t\t\t\t<\/div>\n\t\t\t\t\t<\/div>\n\t\t<\/div>\n\t\t\t\t\t<\/div>\n\t\t<\/section>\n\t\t\t\t<section class=\"elementor-section elementor-top-section elementor-element elementor-element-696a3894 elementor-section-boxed elementor-section-height-default elementor-section-height-default\" data-id=\"696a3894\" data-element_type=\"section\">\n\t\t\t\t\t\t<div class=\"elementor-container elementor-column-gap-default\">\n\t\t\t\t\t<div class=\"elementor-column elementor-col-100 elementor-top-column elementor-element elementor-element-23bb430c\" data-id=\"23bb430c\" data-element_type=\"column\">\n\t\t\t<div class=\"elementor-widget-wrap elementor-element-populated\">\n\t\t\t\t\t\t<div class=\"elementor-element elementor-element-44882e9d elementor-widget elementor-widget-heading\" data-id=\"44882e9d\" data-element_type=\"widget\" data-widget_type=\"heading.default\">\n\t\t\t\t<div class=\"elementor-widget-container\">\n\t\t\t\t\t<h3 class=\"elementor-heading-title elementor-size-medium\">Besser vorsorgen als sp\u00e4ter nachzahlen<\/h3>\t\t\t\t<\/div>\n\t\t\t\t<\/div>\n\t\t\t\t<div class=\"elementor-element elementor-element-5c402c62 elementor-widget elementor-widget-text-editor\" data-id=\"5c402c62\" data-element_type=\"widget\" data-widget_type=\"text-editor.default\">\n\t\t\t\t<div class=\"elementor-widget-container\">\n\t\t\t\t\t\t\t\t\t<div class=\"dt-fancy-separator title-left h4-size style-disabled title-color\"><div class=\"dt-fancy-title\"><p>Wenn im dritten Jahr nach Beginn Ihrer Selbstst\u00e4ndigkeit die Beitr\u00e4ge f\u00fcr die Sozialversicherung auf Basis des realen Einkommens berechnet werden, ist der erste Glanz der Selbstst\u00e4ndigkeit meist mit einem Schlag verflogen. Da kann es schnell passieren, dass das Einkommen der n\u00e4chsten Jahre nur noch dazu aufgewendet wird, die Zahlungen an das Finanzamt und die Sozialversicherungsanstalt der gewerblichen Wirtschaft (SVS) zu leisten. <em>Unsere SVS-Beratung Wien:<\/em>\u00a0Denn ab dem dritten Kalenderjahr nach Gr\u00fcndung Ihres Unternehmens werden Ihre Sozialversicherungsbeitr\u00e4ge anhand des tats\u00e4chlichen Einkommens gem\u00e4\u00df Einkommensteuerbescheid nachbemessen.<\/p><div class=\"gap\">\u00a0<\/div><p>Gerade Jungunternehmerinnen und Jungunternehmer brauchen oft besondere Unterst\u00fctzung, weil sie die fehlende Erfahrung im Umgang mit einer Vielzahl von Beh\u00f6rden und Normen durch kompetente Beratung ersetzen m\u00fcssen. Wir berechnen Ihnen bereits lange im Vorhinein eventuelle Nachzahlungen an Sozialversicherungsbeitr\u00e4gen, damit Sie sich den entsprechenden Betrag rechtzeitig zur Seite legen k\u00f6nnen. Somit bleibt Ihnen die unangenehme \u00dcberraschung einer unerwarteten Nachzahlung erspart.<\/p><\/div><\/div>\t\t\t\t\t\t\t\t<\/div>\n\t\t\t\t<\/div>\n\t\t\t\t\t<\/div>\n\t\t<\/div>\n\t\t\t\t\t<\/div>\n\t\t<\/section>\n\t\t\t\t<\/div>\n\t\t","protected":false},"excerpt":{"rendered":"<p>Besser vorsorgen als sp\u00e4ter nachzahlen Wenn im dritten Jahr nach Beginn Ihrer Selbstst\u00e4ndigkeit die Beitr\u00e4ge f\u00fcr die Sozialversicherung auf Basis des realen Einkommens berechnet werden, ist der erste Glanz der Selbstst\u00e4ndigkeit meist mit einem Schlag verflogen. Da kann es schnell passieren, dass das Einkommen der n\u00e4chsten Jahre nur noch dazu aufgewendet wird, die Zahlungen an &hellip;<\/p>\n<p class=\"read-more\"> <a class=\"\" href=\"https:\/\/www.kanzlei-tatzber.at\/?page_id=383\"> <span class=\"screen-reader-text\">SVS-Beratung<\/span> Mehr lesen \u00bb<\/a><\/p>\n","protected":false},"author":1,"featured_media":0,"parent":0,"menu_order":0,"comment_status":"closed","ping_status":"closed","template":"","meta":{"footnotes":""},"class_list":["post-383","page","type-page","status-publish","hentry"],"_links":{"self":[{"href":"https:\/\/www.kanzlei-tatzber.at\/index.php?rest_route=\/wp\/v2\/pages\/383","targetHints":{"allow":["GET"]}}],"collection":[{"href":"https:\/\/www.kanzlei-tatzber.at\/index.php?rest_route=\/wp\/v2\/pages"}],"about":[{"href":"https:\/\/www.kanzlei-tatzber.at\/index.php?rest_route=\/wp\/v2\/types\/page"}],"author":[{"embeddable":true,"href":"https:\/\/www.kanzlei-tatzber.at\/index.php?rest_route=\/wp\/v2\/users\/1"}],"replies":[{"embeddable":true,"href":"https:\/\/www.kanzlei-tatzber.at\/index.php?rest_route=%2Fwp%2Fv2%2Fcomments&post=383"}],"version-history":[{"count":8,"href":"https:\/\/www.kanzlei-tatzber.at\/index.php?rest_route=\/wp\/v2\/pages\/383\/revisions"}],"predecessor-version":[{"id":686,"href":"https:\/\/www.kanzlei-tatzber.at\/index.php?rest_route=\/wp\/v2\/pages\/383\/revisions\/686"}],"wp:attachment":[{"href":"https:\/\/www.kanzlei-tatzber.at\/index.php?rest_route=%2Fwp%2Fv2%2Fmedia&parent=383"}],"curies":[{"name":"wp","href":"https:\/\/api.w.org\/{rel}","templated":true}]}}