{"id":379,"date":"2020-08-25T21:43:41","date_gmt":"2020-08-25T20:43:41","guid":{"rendered":"https:\/\/www.kanzlei-tatzber.at\/?page_id=379"},"modified":"2020-08-30T21:42:14","modified_gmt":"2020-08-30T20:42:14","slug":"jahresabschluesse","status":"publish","type":"page","link":"https:\/\/www.kanzlei-tatzber.at\/?page_id=379","title":{"rendered":"Jahresabschl\u00fcsse"},"content":{"rendered":"\t\t<div data-elementor-type=\"wp-page\" data-elementor-id=\"379\" class=\"elementor elementor-379\">\n\t\t\t\t\t\t<section class=\"elementor-section elementor-top-section elementor-element elementor-element-8c08026 elementor-section-boxed elementor-section-height-default elementor-section-height-default\" data-id=\"8c08026\" data-element_type=\"section\">\n\t\t\t\t\t\t<div class=\"elementor-container elementor-column-gap-default\">\n\t\t\t\t\t<div class=\"elementor-column elementor-col-100 elementor-top-column elementor-element elementor-element-370806a\" data-id=\"370806a\" data-element_type=\"column\">\n\t\t\t<div class=\"elementor-widget-wrap elementor-element-populated\">\n\t\t\t\t\t\t<div class=\"elementor-element elementor-element-3058091 elementor-hidden-tablet elementor-hidden-phone elementor-widget elementor-widget-spacer\" data-id=\"3058091\" data-element_type=\"widget\" data-widget_type=\"spacer.default\">\n\t\t\t\t<div class=\"elementor-widget-container\">\n\t\t\t\t\t\t\t<div class=\"elementor-spacer\">\n\t\t\t<div class=\"elementor-spacer-inner\"><\/div>\n\t\t<\/div>\n\t\t\t\t\t\t<\/div>\n\t\t\t\t<\/div>\n\t\t\t\t\t<\/div>\n\t\t<\/div>\n\t\t\t\t\t<\/div>\n\t\t<\/section>\n\t\t\t\t<section class=\"elementor-section elementor-top-section elementor-element elementor-element-5ab3e16 elementor-section-boxed elementor-section-height-default elementor-section-height-default\" data-id=\"5ab3e16\" data-element_type=\"section\">\n\t\t\t\t\t\t<div class=\"elementor-container elementor-column-gap-default\">\n\t\t\t\t\t<div class=\"elementor-column elementor-col-100 elementor-top-column elementor-element elementor-element-fc4a431\" data-id=\"fc4a431\" data-element_type=\"column\">\n\t\t\t<div class=\"elementor-widget-wrap elementor-element-populated\">\n\t\t\t\t\t\t<div class=\"elementor-element elementor-element-3b5c733 elementor-widget elementor-widget-image\" data-id=\"3b5c733\" data-element_type=\"widget\" data-widget_type=\"image.default\">\n\t\t\t\t<div class=\"elementor-widget-container\">\n\t\t\t\t\t\t\t\t\t\t\t\t\t\t\t<img fetchpriority=\"high\" decoding=\"async\" width=\"1920\" height=\"700\" src=\"https:\/\/www.kanzlei-tatzber.at\/wp-content\/uploads\/2020\/08\/Jahresabschluesse.jpg\" class=\"attachment-full size-full wp-image-569\" alt=\"Jahresabschl\u00fcsse\" srcset=\"https:\/\/www.kanzlei-tatzber.at\/wp-content\/uploads\/2020\/08\/Jahresabschluesse.jpg 1920w, https:\/\/www.kanzlei-tatzber.at\/wp-content\/uploads\/2020\/08\/Jahresabschluesse-300x109.jpg 300w, https:\/\/www.kanzlei-tatzber.at\/wp-content\/uploads\/2020\/08\/Jahresabschluesse-1024x373.jpg 1024w, https:\/\/www.kanzlei-tatzber.at\/wp-content\/uploads\/2020\/08\/Jahresabschluesse-768x280.jpg 768w, https:\/\/www.kanzlei-tatzber.at\/wp-content\/uploads\/2020\/08\/Jahresabschluesse-1536x560.jpg 1536w\" sizes=\"(max-width: 1920px) 100vw, 1920px\" \/>\t\t\t\t\t\t\t\t\t\t\t\t\t\t\t<\/div>\n\t\t\t\t<\/div>\n\t\t\t\t\t<\/div>\n\t\t<\/div>\n\t\t\t\t\t<\/div>\n\t\t<\/section>\n\t\t\t\t<section class=\"elementor-section elementor-top-section elementor-element elementor-element-7c5a457 elementor-section-boxed elementor-section-height-default elementor-section-height-default\" data-id=\"7c5a457\" data-element_type=\"section\">\n\t\t\t\t\t\t<div class=\"elementor-container elementor-column-gap-default\">\n\t\t\t\t\t<div class=\"elementor-column elementor-col-100 elementor-top-column elementor-element elementor-element-7e13cbf2\" data-id=\"7e13cbf2\" data-element_type=\"column\">\n\t\t\t<div class=\"elementor-widget-wrap elementor-element-populated\">\n\t\t\t\t\t\t<div class=\"elementor-element elementor-element-d570aef elementor-widget elementor-widget-heading\" data-id=\"d570aef\" data-element_type=\"widget\" data-widget_type=\"heading.default\">\n\t\t\t\t<div class=\"elementor-widget-container\">\n\t\t\t\t\t<h3 class=\"elementor-heading-title elementor-size-medium\">Wir machen Erfolge messbar<\/h3>\t\t\t\t<\/div>\n\t\t\t\t<\/div>\n\t\t\t\t<div class=\"elementor-element elementor-element-1d9136cd elementor-widget elementor-widget-text-editor\" data-id=\"1d9136cd\" data-element_type=\"widget\" data-widget_type=\"text-editor.default\">\n\t\t\t\t<div class=\"elementor-widget-container\">\n\t\t\t\t\t\t\t\t\t<div class=\"dt-fancy-separator title-left h4-size style-disabled title-color\"><div class=\"dt-fancy-title\"><div class=\"wpb_text_column wpb_content_element  \"><div class=\"wpb_wrapper\"><p>Jahresabschluss erstellen: Jahresabschl\u00fcsse sind eine gesetzliche Verpflichtung und bilden die Grundlage f\u00fcr die Steuerbemessung. Hierbei liegt das gro\u00dfe Augenmerk darauf, steuerliche Spielr\u00e4ume optimal zu nutzen und Steuerbeg\u00fcnstigungen in Anspruch zu nehmen. Wir schauen ganz genau darauf, dass bei Ihrem Jahresabschluss alle Abschreibungsm\u00f6glichkeiten und Beg\u00fcnstigungen ausgesch\u00f6pft werden und f\u00fcr Sie ein Mehrwert entsteht.<\/p><p>Bei der Durchf\u00fchrung Ihres Jahresabschlusses nehmen wir Ihnen folgende Leistungen ab:<\/p><\/div><\/div><div class=\"standard-arrow\"><ul><li>Erstellung des Anlageverzeichnisses<\/li><li>Erforderliche Um- und Nachbuchungen<\/li><li>Berechnung des voraussichtlichen steuerlichen Ergebnisses<\/li><li>Beratung im Zusammenhang mit Investitionsbeg\u00fcnstigungen<\/li><li>Ausarbeitung der Unterlagen f\u00fcr die Offenlegung beim Firmenbuch<\/li><\/ul><\/div><div class=\"wpb_text_column wpb_content_element  \"><div class=\"wpb_wrapper\"><p>Haben Sie noch Fragen zur Jahresabschlusserstellung? Einfach per Mail oder Telefon! Wir freuen uns auf Ihre Anfrage.<\/p><\/div><\/div><\/div><\/div>\t\t\t\t\t\t\t\t<\/div>\n\t\t\t\t<\/div>\n\t\t\t\t\t<\/div>\n\t\t<\/div>\n\t\t\t\t\t<\/div>\n\t\t<\/section>\n\t\t\t\t<\/div>\n\t\t","protected":false},"excerpt":{"rendered":"<p>Wir machen Erfolge messbar Jahresabschluss erstellen: Jahresabschl\u00fcsse sind eine gesetzliche Verpflichtung und bilden die Grundlage f\u00fcr die Steuerbemessung. Hierbei liegt das gro\u00dfe Augenmerk darauf, steuerliche Spielr\u00e4ume optimal zu nutzen und Steuerbeg\u00fcnstigungen in Anspruch zu nehmen. Wir schauen ganz genau darauf, dass bei Ihrem Jahresabschluss alle Abschreibungsm\u00f6glichkeiten und Beg\u00fcnstigungen ausgesch\u00f6pft werden und f\u00fcr Sie ein Mehrwert &hellip;<\/p>\n<p class=\"read-more\"> <a class=\"\" href=\"https:\/\/www.kanzlei-tatzber.at\/?page_id=379\"> <span class=\"screen-reader-text\">Jahresabschl\u00fcsse<\/span> Mehr lesen \u00bb<\/a><\/p>\n","protected":false},"author":1,"featured_media":0,"parent":0,"menu_order":0,"comment_status":"closed","ping_status":"closed","template":"","meta":{"footnotes":""},"class_list":["post-379","page","type-page","status-publish","hentry"],"_links":{"self":[{"href":"https:\/\/www.kanzlei-tatzber.at\/index.php?rest_route=\/wp\/v2\/pages\/379","targetHints":{"allow":["GET"]}}],"collection":[{"href":"https:\/\/www.kanzlei-tatzber.at\/index.php?rest_route=\/wp\/v2\/pages"}],"about":[{"href":"https:\/\/www.kanzlei-tatzber.at\/index.php?rest_route=\/wp\/v2\/types\/page"}],"author":[{"embeddable":true,"href":"https:\/\/www.kanzlei-tatzber.at\/index.php?rest_route=\/wp\/v2\/users\/1"}],"replies":[{"embeddable":true,"href":"https:\/\/www.kanzlei-tatzber.at\/index.php?rest_route=%2Fwp%2Fv2%2Fcomments&post=379"}],"version-history":[{"count":9,"href":"https:\/\/www.kanzlei-tatzber.at\/index.php?rest_route=\/wp\/v2\/pages\/379\/revisions"}],"predecessor-version":[{"id":662,"href":"https:\/\/www.kanzlei-tatzber.at\/index.php?rest_route=\/wp\/v2\/pages\/379\/revisions\/662"}],"wp:attachment":[{"href":"https:\/\/www.kanzlei-tatzber.at\/index.php?rest_route=%2Fwp%2Fv2%2Fmedia&parent=379"}],"curies":[{"name":"wp","href":"https:\/\/api.w.org\/{rel}","templated":true}]}}