{"id":374,"date":"2020-08-25T21:36:34","date_gmt":"2020-08-25T20:36:34","guid":{"rendered":"https:\/\/www.kanzlei-tatzber.at\/?page_id=374"},"modified":"2020-08-30T21:54:01","modified_gmt":"2020-08-30T20:54:01","slug":"steuererklaerung","status":"publish","type":"page","link":"https:\/\/www.kanzlei-tatzber.at\/?page_id=374","title":{"rendered":"Steuererkl\u00e4rung"},"content":{"rendered":"\t\t<div data-elementor-type=\"wp-page\" data-elementor-id=\"374\" class=\"elementor elementor-374\">\n\t\t\t\t\t\t<section class=\"elementor-section elementor-top-section elementor-element elementor-element-255d4cc elementor-section-boxed elementor-section-height-default elementor-section-height-default\" data-id=\"255d4cc\" data-element_type=\"section\">\n\t\t\t\t\t\t<div class=\"elementor-container elementor-column-gap-default\">\n\t\t\t\t\t<div class=\"elementor-column elementor-col-100 elementor-top-column elementor-element elementor-element-a620b02\" data-id=\"a620b02\" data-element_type=\"column\">\n\t\t\t<div class=\"elementor-widget-wrap elementor-element-populated\">\n\t\t\t\t\t\t<div class=\"elementor-element elementor-element-a3d0804 elementor-hidden-tablet elementor-hidden-phone elementor-widget elementor-widget-spacer\" data-id=\"a3d0804\" data-element_type=\"widget\" data-widget_type=\"spacer.default\">\n\t\t\t\t<div class=\"elementor-widget-container\">\n\t\t\t\t\t\t\t<div class=\"elementor-spacer\">\n\t\t\t<div class=\"elementor-spacer-inner\"><\/div>\n\t\t<\/div>\n\t\t\t\t\t\t<\/div>\n\t\t\t\t<\/div>\n\t\t\t\t\t<\/div>\n\t\t<\/div>\n\t\t\t\t\t<\/div>\n\t\t<\/section>\n\t\t\t\t<section class=\"elementor-section elementor-top-section elementor-element elementor-element-2db1659 elementor-section-boxed elementor-section-height-default elementor-section-height-default\" data-id=\"2db1659\" data-element_type=\"section\">\n\t\t\t\t\t\t<div class=\"elementor-container elementor-column-gap-default\">\n\t\t\t\t\t<div class=\"elementor-column elementor-col-100 elementor-top-column elementor-element elementor-element-87a9672\" data-id=\"87a9672\" data-element_type=\"column\">\n\t\t\t<div class=\"elementor-widget-wrap elementor-element-populated\">\n\t\t\t\t\t\t<div class=\"elementor-element elementor-element-6742699 elementor-widget elementor-widget-image\" data-id=\"6742699\" data-element_type=\"widget\" data-widget_type=\"image.default\">\n\t\t\t\t<div class=\"elementor-widget-container\">\n\t\t\t\t\t\t\t\t\t\t\t\t\t\t\t<img fetchpriority=\"high\" decoding=\"async\" width=\"1920\" height=\"700\" src=\"https:\/\/www.kanzlei-tatzber.at\/wp-content\/uploads\/2020\/08\/steuererklaerung.jpg\" class=\"attachment-full size-full wp-image-565\" alt=\"Steuererkl\u00e4rung\" srcset=\"https:\/\/www.kanzlei-tatzber.at\/wp-content\/uploads\/2020\/08\/steuererklaerung.jpg 1920w, https:\/\/www.kanzlei-tatzber.at\/wp-content\/uploads\/2020\/08\/steuererklaerung-300x109.jpg 300w, https:\/\/www.kanzlei-tatzber.at\/wp-content\/uploads\/2020\/08\/steuererklaerung-1024x373.jpg 1024w, https:\/\/www.kanzlei-tatzber.at\/wp-content\/uploads\/2020\/08\/steuererklaerung-768x280.jpg 768w, https:\/\/www.kanzlei-tatzber.at\/wp-content\/uploads\/2020\/08\/steuererklaerung-1536x560.jpg 1536w\" sizes=\"(max-width: 1920px) 100vw, 1920px\" \/>\t\t\t\t\t\t\t\t\t\t\t\t\t\t\t<\/div>\n\t\t\t\t<\/div>\n\t\t\t\t\t<\/div>\n\t\t<\/div>\n\t\t\t\t\t<\/div>\n\t\t<\/section>\n\t\t\t\t<section class=\"elementor-section elementor-top-section elementor-element elementor-element-5c455eca elementor-section-boxed elementor-section-height-default elementor-section-height-default\" data-id=\"5c455eca\" data-element_type=\"section\">\n\t\t\t\t\t\t<div class=\"elementor-container elementor-column-gap-default\">\n\t\t\t\t\t<div class=\"elementor-column elementor-col-100 elementor-top-column elementor-element elementor-element-1f584357\" data-id=\"1f584357\" data-element_type=\"column\">\n\t\t\t<div class=\"elementor-widget-wrap elementor-element-populated\">\n\t\t\t\t\t\t<div class=\"elementor-element elementor-element-42120776 elementor-widget elementor-widget-heading\" data-id=\"42120776\" data-element_type=\"widget\" data-widget_type=\"heading.default\">\n\t\t\t\t<div class=\"elementor-widget-container\">\n\t\t\t\t\t<h3 class=\"elementor-heading-title elementor-size-medium\">Ziehen Sie eine gute Bilanz<\/h3>\t\t\t\t<\/div>\n\t\t\t\t<\/div>\n\t\t\t\t<div class=\"elementor-element elementor-element-2ae14a2d elementor-widget elementor-widget-text-editor\" data-id=\"2ae14a2d\" data-element_type=\"widget\" data-widget_type=\"text-editor.default\">\n\t\t\t\t<div class=\"elementor-widget-container\">\n\t\t\t\t\t\t\t\t\t<div class=\"dt-fancy-separator title-left h4-size style-disabled title-color\"><div class=\"dt-fancy-title\"><div class=\"wpb_text_column wpb_content_element  \"><div class=\"wpb_wrapper\"><p>Das komplexe \u00f6sterreichische Steuerrecht macht Steuererkl\u00e4rungen zu einer zeitaufwendigen, komplizierten Herausforderung, die umfangreiches Spezialwissen erfordert. Deshalb ist es f\u00fcr viele eine l\u00e4stige Pflicht. Doch wenn am Ende eine R\u00fcckerstattung winkt oder die gef\u00fcrchtete Nachzahlung geringer ausf\u00e4llt, ist man doch froh, sie gemacht zu haben. Bis es aber soweit ist, gibt es einige Hindernisse zu \u00fcberwinden. Viele stellen sich Fragen wie: Was muss ich eintragen? Was kann ich absetzen? Und wie reiche ich die Steuererkl\u00e4rung elektronisch ein? Wenn Sie diese H\u00fcrden nicht alleine bew\u00e4ltigen m\u00f6chten, helfen wir Ihnen gerne dabei. Wir verfolgen alle neuen Entwicklungen im Steuerrecht und sorgen daf\u00fcr, dass Ihre Steuererkl\u00e4rung rechtskonform ist. Gemeinsam arbeiten wir bei der Erstellung von Bilanz und Steuererkl\u00e4rung daran, dass Ihre Steuerbelastung m\u00f6glichst gering bleibt und das Potenzial f\u00fcr Einsparungen fr\u00fchzeitig erkannt wird.<\/p><p>Ihr Nutzen:<\/p><\/div><\/div><div class=\"standard-arrow\"><ul><li>Garantie f\u00fcr die Einhaltung aller gesetzlichen Vorschriften<\/li><li>Einwandfreie Qualit\u00e4t Ihrer Erkl\u00e4rung<\/li><li>Kein Fortbildungsaufwand f\u00fcr Sie oder Ihre Mitarbeiter<\/li><li>Steuerliche und wirtschaftliche Analyse im pers\u00f6nlichen Gespr\u00e4ch<\/li><li>\u00dcberblick \u00fcber die Entwicklung Ihres Anlageverm\u00f6gens<\/li><li>Wir befreien Sie vom unliebsamen Papierkram<\/li><\/ul><\/div><div class=\"wpb_text_column wpb_content_element  \"><div class=\"wpb_wrapper\"><p>Wir stehen Ihnen gerne f\u00fcr eine sachkundige und vor allem rechtssichere Beratung zur Verf\u00fcgung.<\/p><\/div><\/div><\/div><\/div>\t\t\t\t\t\t\t\t<\/div>\n\t\t\t\t<\/div>\n\t\t\t\t\t<\/div>\n\t\t<\/div>\n\t\t\t\t\t<\/div>\n\t\t<\/section>\n\t\t\t\t<\/div>\n\t\t","protected":false},"excerpt":{"rendered":"<p>Ziehen Sie eine gute Bilanz Das komplexe \u00f6sterreichische Steuerrecht macht Steuererkl\u00e4rungen zu einer zeitaufwendigen, komplizierten Herausforderung, die umfangreiches Spezialwissen erfordert. Deshalb ist es f\u00fcr viele eine l\u00e4stige Pflicht. Doch wenn am Ende eine R\u00fcckerstattung winkt oder die gef\u00fcrchtete Nachzahlung geringer ausf\u00e4llt, ist man doch froh, sie gemacht zu haben. Bis es aber soweit ist, gibt &hellip;<\/p>\n<p class=\"read-more\"> <a class=\"\" href=\"https:\/\/www.kanzlei-tatzber.at\/?page_id=374\"> <span class=\"screen-reader-text\">Steuererkl\u00e4rung<\/span> Mehr lesen \u00bb<\/a><\/p>\n","protected":false},"author":1,"featured_media":0,"parent":0,"menu_order":0,"comment_status":"closed","ping_status":"closed","template":"","meta":{"footnotes":""},"class_list":["post-374","page","type-page","status-publish","hentry"],"_links":{"self":[{"href":"https:\/\/www.kanzlei-tatzber.at\/index.php?rest_route=\/wp\/v2\/pages\/374","targetHints":{"allow":["GET"]}}],"collection":[{"href":"https:\/\/www.kanzlei-tatzber.at\/index.php?rest_route=\/wp\/v2\/pages"}],"about":[{"href":"https:\/\/www.kanzlei-tatzber.at\/index.php?rest_route=\/wp\/v2\/types\/page"}],"author":[{"embeddable":true,"href":"https:\/\/www.kanzlei-tatzber.at\/index.php?rest_route=\/wp\/v2\/users\/1"}],"replies":[{"embeddable":true,"href":"https:\/\/www.kanzlei-tatzber.at\/index.php?rest_route=%2Fwp%2Fv2%2Fcomments&post=374"}],"version-history":[{"count":8,"href":"https:\/\/www.kanzlei-tatzber.at\/index.php?rest_route=\/wp\/v2\/pages\/374\/revisions"}],"predecessor-version":[{"id":683,"href":"https:\/\/www.kanzlei-tatzber.at\/index.php?rest_route=\/wp\/v2\/pages\/374\/revisions\/683"}],"wp:attachment":[{"href":"https:\/\/www.kanzlei-tatzber.at\/index.php?rest_route=%2Fwp%2Fv2%2Fmedia&parent=374"}],"curies":[{"name":"wp","href":"https:\/\/api.w.org\/{rel}","templated":true}]}}